{"id":3637,"date":"2026-02-18T16:06:46","date_gmt":"2026-02-18T15:06:46","guid":{"rendered":"https:\/\/www.moratech.cz\/?page_id=3637"},"modified":"2026-03-31T17:12:35","modified_gmt":"2026-03-31T15:12:35","slug":"home","status":"publish","type":"page","link":"https:\/\/www.moratech.cz\/","title":{"rendered":"\u00davod"},"content":{"rendered":"\n<p><\/p>\n\n\n<ul>\n<li>\n\t\t\t\t\t\t\t\t\t\t\t<a href=\\\"#\\\"><br \/>\n\t\t\t\t\t\t\t\t\t\t\t<\/a>\n\t\t\t\t\t\t\t\t\t<\/li>\n<li>\n\t\t\t\t\t\t\t\t\t\t\t<a href=\\\"#\\\"><br \/>\n\t\t\t\t\t\t\t\t\t\t\t<\/a>\n\t\t\t\t\t\t\t\t\t<\/li>\n<li>\n\t\t\t\t\t\t\t\t\t\t\t<a href=\\\"#\\\"><br \/>\n\t\t\t\t\t\t\t\t\t\t\t<\/a>\n\t\t\t\t\t\t\t\t\t<\/li>\n<li>\n\t\t\t\t\t\t\t\t\t\t\t<a href=\\\"#\\\"><br \/>\n\t\t\t\t\t\t\t\t\t\t\t<\/a>\n\t\t\t\t\t\t\t\t\t<\/li>\n<\/ul>\n<h1>I\\&#8217;m Web Developer<br \/>Natalie E. Watson<\/h1>\n<p>\t\tLorem ipsum dolor sit amet, consectetur adipiscing elit. Ut elit tellus luctusnec ullamcorper mattis, pulvinar dapibus leop llamcorper, lorem ipsum.<br \/>\n\t\t\t\t\t<a href=\\\"#\\\"><br \/>\n\t\t\t\t\t\t\t\t\tLearn more<br \/>\n\t\t\t\t\t<\/a><br \/>\n\t\t\t\t\t\t\t\t\t\t\t\t\t\t\t<img width=\\\"645\\\" height=\\\"925\\\" src=\\\"https:\/\/websitedemos.net\/personal-portfolio-02\/wp-content\/uploads\/sites\/770\/2022\/02\/h1_hero-bg.png\\\" alt=\\\"\\\" srcset=\\\"https:\/\/websitedemos.net\/personal-portfolio-02\/wp-content\/uploads\/sites\/770\/2022\/02\/h1_hero-bg.png 645w, https:\/\/websitedemos.net\/personal-portfolio-02\/wp-content\/uploads\/sites\/770\/2022\/02\/h1_hero-bg-209x300.png 209w, https:\/\/websitedemos.net\/personal-portfolio-02\/wp-content\/uploads\/sites\/770\/2022\/02\/h1_hero-bg-400x574.png 400w\\\" sizes=\\\"(max-width: 645px) 100vw, 645px\\\" \/>\t\t\t\t\t\t\t\t\t\t\t\t\t\t\t<\/p>\n<h3>About Me<\/h3>\n<p>\t\tLorem ipsum dolor sit amet, consectetur adipiscing elit.\t\t<\/p>\n<h5>Developing With a Passion While Exploring The World.<\/h5>\n<p>Lorem ipsum dolor sit amet, consectetur adipiscing elit. Ut elit tellus, luctus nec ullamcorper mattis, pulvinar dapibus leo. Lorem ipsum dolor sit amet, consectetur adipiscing elit. Ut elit tellus, luctus nec ullamcorper mattis, pulvinar dapibus leo.<\/p>\n<p>Lorem ipsum dolor sit amet, consectetur adipiscing elit.<\/p>\n<p>\t\t\t\t\t<a href=\\\"#\\\"><br \/>\n\t\t\t\t\t\t\t\t\tContact Me<br \/>\n\t\t\t\t\t<\/a><\/p>\n<p>Lorem ipsum dolor sit amet, consectetur adipiscing elit. Ut elit tellus, luctus nec ullamcorper mattis, pulvinar dapibus leo.<\/p>\n<p>Lorem ipsum dolor sit amet, consectetur adipiscing elit.<br \/>\n\t\t\t\t\t\t\t\t\t\t\t\t\t\t\t<img width=\\\"640\\\" height=\\\"814\\\" src=\\\"https:\/\/websitedemos.net\/personal-portfolio-02\/wp-content\/uploads\/sites\/770\/2021\/02\/section-1-bg1.jpg\\\" alt=\\\"\\\" srcset=\\\"https:\/\/websitedemos.net\/personal-portfolio-02\/wp-content\/uploads\/sites\/770\/2021\/02\/section-1-bg1.jpg 640w, https:\/\/websitedemos.net\/personal-portfolio-02\/wp-content\/uploads\/sites\/770\/2021\/02\/section-1-bg1-236x300.jpg 236w, https:\/\/websitedemos.net\/personal-portfolio-02\/wp-content\/uploads\/sites\/770\/2021\/02\/section-1-bg1-400x509.jpg 400w\\\" sizes=\\\"(max-width: 640px) 100vw, 640px\\\" \/>\t\t\t\t\t\t\t\t\t\t\t\t\t\t\t<\/p>\n<h3>What Services I\\&#8217;m Providing<\/h3>\n<p>\t\tLorem ipsum dolor sit amet, consectetur adipiscing elit.<br \/>\n\t\t\t\t\t\t\t\t\t\t\t\t\t\t\t<img width=\\\"256\\\" height=\\\"256\\\" src=\\\"https:\/\/websitedemos.net\/personal-portfolio-02\/wp-content\/uploads\/sites\/770\/2021\/02\/computer.png\\\" alt=\\\"\\\" srcset=\\\"https:\/\/websitedemos.net\/personal-portfolio-02\/wp-content\/uploads\/sites\/770\/2021\/02\/computer.png 256w, https:\/\/websitedemos.net\/personal-portfolio-02\/wp-content\/uploads\/sites\/770\/2021\/02\/computer-150x150.png 150w\\\" sizes=\\\"(max-width: 256px) 100vw, 256px\\\" \/>\t\t\t\t\t\t\t\t\t\t\t\t\t\t\t<\/p>\n<h6>UI\/UX Design<\/h6>\n<p>Lorem ipsum dolor sit amet, consectetur adipiscing elit. Ut elit tellus, luctus nec ullamcorper mattis, pulvinar dapibus leo.<\/p>\n<p>\t\t\t<a href=\\\"#\\\"><br \/>\n\t\t\t\t\t\t<\/a><br \/>\n\t\t\t\t\t\t\t\t\t\t\t\t\t\t\t<img width=\\\"150\\\" height=\\\"150\\\" src=\\\"https:\/\/websitedemos.net\/personal-portfolio-02\/wp-content\/uploads\/sites\/770\/2021\/02\/ads-150x150.png\\\" alt=\\\"\\\" srcset=\\\"https:\/\/websitedemos.net\/personal-portfolio-02\/wp-content\/uploads\/sites\/770\/2021\/02\/ads-150x150.png 150w, https:\/\/websitedemos.net\/personal-portfolio-02\/wp-content\/uploads\/sites\/770\/2021\/02\/ads.png 256w\\\" sizes=\\\"(max-width: 150px) 100vw, 150px\\\" \/>\t\t\t\t\t\t\t\t\t\t\t\t\t\t\t<\/p>\n<h6>Digital Marketing<\/h6>\n<p>Lorem ipsum dolor sit amet, consectetur adipiscing elit. Ut elit tellus, luctus nec ullamcorper mattis, pulvinar dapibus leo.<\/p>\n<p>\t\t\t<a href=\\\"#\\\"><br \/>\n\t\t\t\t\t\t<\/a><br \/>\n\t\t\t\t\t\t\t\t\t\t\t\t\t\t\t<img width=\\\"256\\\" height=\\\"256\\\" src=\\\"https:\/\/websitedemos.net\/personal-portfolio-02\/wp-content\/uploads\/sites\/770\/2021\/02\/settings.png\\\" alt=\\\"\\\" srcset=\\\"https:\/\/websitedemos.net\/personal-portfolio-02\/wp-content\/uploads\/sites\/770\/2021\/02\/settings.png 256w, https:\/\/websitedemos.net\/personal-portfolio-02\/wp-content\/uploads\/sites\/770\/2021\/02\/settings-150x150.png 150w\\\" sizes=\\\"(max-width: 256px) 100vw, 256px\\\" \/>\t\t\t\t\t\t\t\t\t\t\t\t\t\t\t<\/p>\n<h6>Web Development<\/h6>\n<p>Lorem ipsum dolor sit amet, consectetur adipiscing elit. Ut elit tellus, luctus nec ullamcorper mattis, pulvinar dapibus leo.<\/p>\n<p>\t\t\t<a href=\\\"#\\\"><br \/>\n\t\t\t\t\t\t<\/a><br \/>\n\t\t\t<a href=\\\"#\\\"><br \/>\n\t\t\t\t\t\t<\/a><\/p>\n<h2 data-elementor-setting-key=\\\"infocard_title\\\" data-elementor-inline-editing-toolbar=\\\"basic\\\" >Working Process<\/h2>\n<p>\t\t\t\t\tLorem ipsum dolor sit amet, consectetur adipiscing elit. Ut elit tellus,<br \/>\nluctus nec ullamcorper mattis, pulvinar dapibus leo.\t\t\t\t<\/p>\n<h3>Work Experience<\/h3>\n<p>\t\tLorem ipsum dolor sit amet, consectetur adipiscing elit.<br \/>\n\t\t\t\t\tUI\/UX Designer<br \/>\n\t\t\t\t\t2015-2018\t\t\t\t<\/p>\n<p>Lorem ipsum dolor sit amet, consectetur adipiscing elit. Ut elit tellus, luctus nec ullamcorper mattis, pulvinar dapibus leo.<\/p>\n<p>\t\t\t\tUI\/UX Designer<br \/>\n\t\t\t\t\tWeb Designer<br \/>\n\t\t\t\t\t2015-2018\t\t\t\t<\/p>\n<p>Lorem ipsum dolor sit amet, consectetur adipiscing elit. Ut elit tellus, luctus nec ullamcorper mattis, pulvinar dapibus leo.<\/p>\n<p>\t\t\t\tWeb Designer<br \/>\n\t\t\t\t\tWeb Developer<br \/>\n\t\t\t\t\t2015-2018<br \/>\n\t\tLorem ipsum dolor sit amet, consectetur adipiscing elit. Ut elit tellus, luctus nec ullamcorper mattis, pulvinar dapibus leo.<br \/>\n\t\t\t\tWeb Developer<br \/>\n\t\t\t\t\tGraphic Designer<br \/>\n\t\t\t\t\t2015-2018<br \/>\n\t\tLorem ipsum dolor sit amet, consectetur adipiscing elit. Ut elit tellus, luctus nec ullamcorper mattis, pulvinar dapibus leo.<br \/>\n\t\t\t\tGraphic<br \/>\n\t\t\t\t\tMarketing<br \/>\n\t\t\t\t\t2015-2018<br \/>\n\t\tLorem ipsum dolor sit amet, consectetur adipiscing elit. Ut elit tellus, luctus nec ullamcorper mattis, pulvinar dapibus leo.<br \/>\n\t\t\t\tMarketing<\/p>\n<h3>My Portfolio<\/h3>\n<p>\t\tLorem ipsum dolor sit amet, consectetur adipiscing elit.\t\t<\/p>\n<figure><img src=\\\"https:\/\/websitedemos.net\/personal-portfolio-02\/wp-content\/uploads\/sites\/770\/2021\/02\/portfolio-2.png\\\" alt=\\\"portfolio-2\\\" \/><\/figure>\n<figure><img src=\\\"https:\/\/websitedemos.net\/personal-portfolio-02\/wp-content\/uploads\/sites\/770\/2021\/02\/portfolio-3.png\\\" alt=\\\"portfolio-3\\\" \/><\/figure>\n<figure><img src=\\\"https:\/\/websitedemos.net\/personal-portfolio-02\/wp-content\/uploads\/sites\/770\/2021\/02\/portfolio-6-1.png\\\" alt=\\\"portfolio-6\\\" \/><\/figure>\n<figure><img src=\\\"https:\/\/websitedemos.net\/personal-portfolio-02\/wp-content\/uploads\/sites\/770\/2021\/02\/portfolio-4.png\\\" alt=\\\"portfolio-4\\\" \/><\/figure>\n<figure><img src=\\\"https:\/\/websitedemos.net\/personal-portfolio-02\/wp-content\/uploads\/sites\/770\/2021\/02\/portfolio-7-1.png\\\" alt=\\\"portfolio-7\\\" \/><\/figure>\n<h3>What My Clients Says<\/h3>\n<p>\t\tLorem ipsum dolor sit amet, consectetur adipiscing elit.<br \/>\n\t\t\t\t\t\t\t\t\t\t\t\t\t\t\t<img width=\\\"336\\\" height=\\\"336\\\" src=\\\"https:\/\/websitedemos.net\/personal-portfolio-02\/wp-content\/uploads\/sites\/770\/2021\/02\/male-3.jpg\\\" alt=\\\"\\\" srcset=\\\"https:\/\/websitedemos.net\/personal-portfolio-02\/wp-content\/uploads\/sites\/770\/2021\/02\/male-3.jpg 336w, https:\/\/websitedemos.net\/personal-portfolio-02\/wp-content\/uploads\/sites\/770\/2021\/02\/male-3-300x300.jpg 300w, https:\/\/websitedemos.net\/personal-portfolio-02\/wp-content\/uploads\/sites\/770\/2021\/02\/male-3-150x150.jpg 150w\\\" sizes=\\\"(max-width: 336px) 100vw, 336px\\\" \/>\t\t\t\t\t\t\t\t\t\t\t\t\t\t\t<\/p>\n<p>Lorem ipsum dolor sit amet, consectetur adipiscing elit. Ut elit tellus, luctus nec ullamcorper mattis, pulvinar dapibus leo.<\/p>\n<p>\t\t\t\t\tJohn Doe<br \/>\n\t\t\t\t\t\t\t\t\t\t\t\t\t\t\t<img width=\\\"150\\\" height=\\\"150\\\" src=\\\"https:\/\/websitedemos.net\/personal-portfolio-02\/wp-content\/uploads\/sites\/770\/2021\/02\/female-3-150x150.jpg\\\" alt=\\\"\\\" srcset=\\\"https:\/\/websitedemos.net\/personal-portfolio-02\/wp-content\/uploads\/sites\/770\/2021\/02\/female-3-150x150.jpg 150w, https:\/\/websitedemos.net\/personal-portfolio-02\/wp-content\/uploads\/sites\/770\/2021\/02\/female-3-300x300.jpg 300w, https:\/\/websitedemos.net\/personal-portfolio-02\/wp-content\/uploads\/sites\/770\/2021\/02\/female-3.jpg 336w\\\" sizes=\\\"(max-width: 150px) 100vw, 150px\\\" \/>\t\t\t\t\t\t\t\t\t\t\t\t\t\t\t<\/p>\n<p>Lorem ipsum dolor sit amet, consectetur adipiscing elit. Ut elit tellus, luctus nec ullamcorper mattis, pulvinar dapibus leo.<\/p>\n<p>\t\t\t\t\tJenna Smith<br \/>\n\t\t\t\t\t\t\t\t\t\t\t\t\t\t\t<img width=\\\"336\\\" height=\\\"336\\\" src=\\\"https:\/\/websitedemos.net\/personal-portfolio-02\/wp-content\/uploads\/sites\/770\/2021\/02\/male-1.jpg\\\" alt=\\\"\\\" srcset=\\\"https:\/\/websitedemos.net\/personal-portfolio-02\/wp-content\/uploads\/sites\/770\/2021\/02\/male-1.jpg 336w, https:\/\/websitedemos.net\/personal-portfolio-02\/wp-content\/uploads\/sites\/770\/2021\/02\/male-1-300x300.jpg 300w, https:\/\/websitedemos.net\/personal-portfolio-02\/wp-content\/uploads\/sites\/770\/2021\/02\/male-1-150x150.jpg 150w\\\" sizes=\\\"(max-width: 336px) 100vw, 336px\\\" \/>\t\t\t\t\t\t\t\t\t\t\t\t\t\t\t<\/p>\n<p>Lorem ipsum dolor sit amet, consectetur adipiscing elit. Ut elit tellus, luctus nec ullamcorper mattis, pulvinar dapibus leo.<\/p>\n<p>\t\t\t\t\tSamuel Stevens\t\t\t\t<\/p>\n<h3>Stay In Touch<\/h3>\n<p>\t\tLorem ipsum dolor sit amet, consectetur adipiscing elit. Ut elit tellus, luctus nec\u00a0ullamcorper mattis, pulvinar dapibus leo.<br \/>\n\t\tThis form has been deleted or is unavailable.<\/p>\n\n\n<p><\/p>\n","protected":false},"excerpt":{"rendered":"<p>I\\&#8217;m Web DeveloperNatalie E. Watson Lorem ipsum dolor sit amet, consectetur adipiscing elit. Ut elit tellus luctusnec ullamcorper mattis, pulvinar dapibus leop llamcorper, lorem ipsum. Learn more About Me Lorem ipsum dolor sit amet, consectetur adipiscing elit. Developing With a Passion While Exploring The World. Lorem ipsum dolor sit amet, consectetur adipiscing elit. Ut elit [&hellip;]<\/p>\n","protected":false},"author":1,"featured_media":0,"parent":0,"menu_order":0,"comment_status":"closed","ping_status":"closed","template":"","meta":{"site-sidebar-layout":"no-sidebar","site-content-layout":"page-builder","ast-site-content-layout":"full-width-container","site-content-style":"unboxed","site-sidebar-style":"unboxed","ast-global-header-display":"","ast-banner-title-visibility":"","ast-main-header-display":"","ast-hfb-above-header-display":"","ast-hfb-below-header-display":"","ast-hfb-mobile-header-display":"","site-post-title":"disabled","ast-breadcrumbs-content":"disabled","ast-featured-img":"disabled","footer-sml-layout":"","ast-disable-related-posts":"","theme-transparent-header-meta":"enabled","adv-header-id-meta":"","stick-header-meta":"","header-above-stick-meta":"","header-main-stick-meta":"","header-below-stick-meta":"","astra-migrate-meta-layouts":"set","ast-page-background-enabled":"default","ast-page-background-meta":{"desktop":{"background-color":"","background-image":"","background-repeat":"repeat","background-position":"center center","background-size":"auto","background-attachment":"scroll","background-type":"","background-media":"","overlay-type":"","overlay-color":"","overlay-opacity":"","overlay-gradient":""},"tablet":{"background-color":"","background-image":"","background-repeat":"repeat","background-position":"center center","background-size":"auto","background-attachment":"scroll","background-type":"","background-media":"","overlay-type":"","overlay-color":"","overlay-opacity":"","overlay-gradient":""},"mobile":{"background-color":"","background-image":"","background-repeat":"repeat","background-position":"center center","background-size":"auto","background-attachment":"scroll","background-type":"","background-media":"","overlay-type":"","overlay-color":"","overlay-opacity":"","overlay-gradient":""}},"ast-content-background-meta":{"desktop":{"background-color":"var(--ast-global-color-5)","background-image":"","background-repeat":"repeat","background-position":"center center","background-size":"auto","background-attachment":"scroll","background-type":"","background-media":"","overlay-type":"","overlay-color":"","overlay-opacity":"","overlay-gradient":""},"tablet":{"background-color":"var(--ast-global-color-5)","background-image":"","background-repeat":"repeat","background-position":"center center","background-size":"auto","background-attachment":"scroll","background-type":"","background-media":"","overlay-type":"","overlay-color":"","overlay-opacity":"","overlay-gradient":""},"mobile":{"background-color":"var(--ast-global-color-5)","background-image":"","background-repeat":"repeat","background-position":"center center","background-size":"auto","background-attachment":"scroll","background-type":"","background-media":"","overlay-type":"","overlay-color":"","overlay-opacity":"","overlay-gradient":""}},"footnotes":""},"class_list":["post-3637","page","type-page","status-publish","hentry"],"yoast_head":"<!-- This site is optimized with the Yoast SEO plugin v27.0 - https:\/\/yoast.com\/product\/yoast-seo-wordpress\/ -->\n<title>\u00davod - Moratech<\/title>\n<meta name=\"robots\" content=\"index, follow, max-snippet:-1, max-image-preview:large, max-video-preview:-1\" \/>\n<link rel=\"canonical\" href=\"https:\/\/www.moratech.cz\/\" \/>\n<meta property=\"og:locale\" content=\"cs_CZ\" \/>\n<meta property=\"og:type\" content=\"article\" \/>\n<meta property=\"og:title\" content=\"\u00davod - Moratech\" \/>\n<meta property=\"og:description\" content=\"I&#8217;m Web DeveloperNatalie E. Watson Lorem ipsum dolor sit amet, consectetur adipiscing elit. Ut elit tellus luctusnec ullamcorper mattis, pulvinar dapibus leop llamcorper, lorem ipsum. Learn more About Me Lorem ipsum dolor sit amet, consectetur adipiscing elit. Developing With a Passion While Exploring The World. Lorem ipsum dolor sit amet, consectetur adipiscing elit. Ut elit [&hellip;]\" \/>\n<meta property=\"og:url\" content=\"https:\/\/www.moratech.cz\/\" \/>\n<meta property=\"og:site_name\" content=\"Moratech\" \/>\n<meta property=\"article:modified_time\" content=\"2026-03-31T15:12:35+00:00\" \/>\n<meta name=\"twitter:card\" content=\"summary_large_image\" \/>\n<meta name=\"twitter:label1\" content=\"Odhadovan\u00e1 doba \u010dten\u00ed\" \/>\n\t<meta name=\"twitter:data1\" content=\"5 minut\" \/>\n<script type=\"application\/ld+json\" class=\"yoast-schema-graph\">{\"@context\":\"https:\/\/schema.org\",\"@graph\":[{\"@type\":\"WebPage\",\"@id\":\"https:\/\/www.moratech.cz\/\",\"url\":\"https:\/\/www.moratech.cz\/\",\"name\":\"\u00davod - Moratech\",\"isPartOf\":{\"@id\":\"https:\/\/www.moratech.cz\/#website\"},\"datePublished\":\"2026-02-18T15:06:46+00:00\",\"dateModified\":\"2026-03-31T15:12:35+00:00\",\"breadcrumb\":{\"@id\":\"https:\/\/www.moratech.cz\/#breadcrumb\"},\"inLanguage\":\"cs\",\"potentialAction\":[{\"@type\":\"ReadAction\",\"target\":[\"https:\/\/www.moratech.cz\/\"]}]},{\"@type\":\"BreadcrumbList\",\"@id\":\"https:\/\/www.moratech.cz\/#breadcrumb\",\"itemListElement\":[{\"@type\":\"ListItem\",\"position\":1,\"name\":\"Dom\u016f\",\"item\":\"https:\/\/www.moratech.cz\/\"},{\"@type\":\"ListItem\",\"position\":2,\"name\":\"\u00davod\"}]},{\"@type\":\"WebSite\",\"@id\":\"https:\/\/www.moratech.cz\/#website\",\"url\":\"https:\/\/www.moratech.cz\/\",\"name\":\"Moratech\",\"description\":\"5afddfasddg\",\"publisher\":{\"@id\":\"https:\/\/www.moratech.cz\/#organization\"},\"potentialAction\":[{\"@type\":\"SearchAction\",\"target\":{\"@type\":\"EntryPoint\",\"urlTemplate\":\"https:\/\/www.moratech.cz\/?s={search_term_string}\"},\"query-input\":{\"@type\":\"PropertyValueSpecification\",\"valueRequired\":true,\"valueName\":\"search_term_string\"}}],\"inLanguage\":\"cs\"},{\"@type\":\"Organization\",\"@id\":\"https:\/\/www.moratech.cz\/#organization\",\"name\":\"Moratech\",\"url\":\"https:\/\/www.moratech.cz\/\",\"logo\":{\"@type\":\"ImageObject\",\"inLanguage\":\"cs\",\"@id\":\"https:\/\/www.moratech.cz\/#\/schema\/logo\/image\/\",\"url\":\"https:\/\/www.moratech.cz\/wp-content\/uploads\/2026\/03\/Obrazek1.png\",\"contentUrl\":\"https:\/\/www.moratech.cz\/wp-content\/uploads\/2026\/03\/Obrazek1.png\",\"width\":430,\"height\":110,\"caption\":\"Moratech\"},\"image\":{\"@id\":\"https:\/\/www.moratech.cz\/#\/schema\/logo\/image\/\"}}]}<\/script>\n<!-- \/ Yoast SEO plugin. -->","yoast_head_json":{"title":"\u00davod - Moratech","robots":{"index":"index","follow":"follow","max-snippet":"max-snippet:-1","max-image-preview":"max-image-preview:large","max-video-preview":"max-video-preview:-1"},"canonical":"https:\/\/www.moratech.cz\/","og_locale":"cs_CZ","og_type":"article","og_title":"\u00davod - Moratech","og_description":"I&#8217;m Web DeveloperNatalie E. Watson Lorem ipsum dolor sit amet, consectetur adipiscing elit. Ut elit tellus luctusnec ullamcorper mattis, pulvinar dapibus leop llamcorper, lorem ipsum. Learn more About Me Lorem ipsum dolor sit amet, consectetur adipiscing elit. Developing With a Passion While Exploring The World. Lorem ipsum dolor sit amet, consectetur adipiscing elit. Ut elit [&hellip;]","og_url":"https:\/\/www.moratech.cz\/","og_site_name":"Moratech","article_modified_time":"2026-03-31T15:12:35+00:00","twitter_card":"summary_large_image","twitter_misc":{"Odhadovan\u00e1 doba \u010dten\u00ed":"5 minut"},"schema":{"@context":"https:\/\/schema.org","@graph":[{"@type":"WebPage","@id":"https:\/\/www.moratech.cz\/","url":"https:\/\/www.moratech.cz\/","name":"\u00davod - Moratech","isPartOf":{"@id":"https:\/\/www.moratech.cz\/#website"},"datePublished":"2026-02-18T15:06:46+00:00","dateModified":"2026-03-31T15:12:35+00:00","breadcrumb":{"@id":"https:\/\/www.moratech.cz\/#breadcrumb"},"inLanguage":"cs","potentialAction":[{"@type":"ReadAction","target":["https:\/\/www.moratech.cz\/"]}]},{"@type":"BreadcrumbList","@id":"https:\/\/www.moratech.cz\/#breadcrumb","itemListElement":[{"@type":"ListItem","position":1,"name":"Dom\u016f","item":"https:\/\/www.moratech.cz\/"},{"@type":"ListItem","position":2,"name":"\u00davod"}]},{"@type":"WebSite","@id":"https:\/\/www.moratech.cz\/#website","url":"https:\/\/www.moratech.cz\/","name":"Moratech","description":"5afddfasddg","publisher":{"@id":"https:\/\/www.moratech.cz\/#organization"},"potentialAction":[{"@type":"SearchAction","target":{"@type":"EntryPoint","urlTemplate":"https:\/\/www.moratech.cz\/?s={search_term_string}"},"query-input":{"@type":"PropertyValueSpecification","valueRequired":true,"valueName":"search_term_string"}}],"inLanguage":"cs"},{"@type":"Organization","@id":"https:\/\/www.moratech.cz\/#organization","name":"Moratech","url":"https:\/\/www.moratech.cz\/","logo":{"@type":"ImageObject","inLanguage":"cs","@id":"https:\/\/www.moratech.cz\/#\/schema\/logo\/image\/","url":"https:\/\/www.moratech.cz\/wp-content\/uploads\/2026\/03\/Obrazek1.png","contentUrl":"https:\/\/www.moratech.cz\/wp-content\/uploads\/2026\/03\/Obrazek1.png","width":430,"height":110,"caption":"Moratech"},"image":{"@id":"https:\/\/www.moratech.cz\/#\/schema\/logo\/image\/"}}]}},"_links":{"self":[{"href":"https:\/\/www.moratech.cz\/index.php?rest_route=\/wp\/v2\/pages\/3637","targetHints":{"allow":["GET"]}}],"collection":[{"href":"https:\/\/www.moratech.cz\/index.php?rest_route=\/wp\/v2\/pages"}],"about":[{"href":"https:\/\/www.moratech.cz\/index.php?rest_route=\/wp\/v2\/types\/page"}],"author":[{"embeddable":true,"href":"https:\/\/www.moratech.cz\/index.php?rest_route=\/wp\/v2\/users\/1"}],"replies":[{"embeddable":true,"href":"https:\/\/www.moratech.cz\/index.php?rest_route=%2Fwp%2Fv2%2Fcomments&post=3637"}],"version-history":[{"count":2,"href":"https:\/\/www.moratech.cz\/index.php?rest_route=\/wp\/v2\/pages\/3637\/revisions"}],"predecessor-version":[{"id":3687,"href":"https:\/\/www.moratech.cz\/index.php?rest_route=\/wp\/v2\/pages\/3637\/revisions\/3687"}],"wp:attachment":[{"href":"https:\/\/www.moratech.cz\/index.php?rest_route=%2Fwp%2Fv2%2Fmedia&parent=3637"}],"curies":[{"name":"wp","href":"https:\/\/api.w.org\/{rel}","templated":true}]}}