{"id":3638,"date":"2026-02-18T16:06:46","date_gmt":"2026-02-18T15:06:46","guid":{"rendered":"https:\/\/www.moratech.cz\/?page_id=3638"},"modified":"2026-03-31T17:09:47","modified_gmt":"2026-03-31T15:09:47","slug":"about","status":"publish","type":"page","link":"https:\/\/www.moratech.cz\/?page_id=3638","title":{"rendered":"About"},"content":{"rendered":"<h2>About Me<\/h2>\n<p>\t\t\t\t\t\t\t\t\t\t\t\t\t\t\t<img width=\\\"500\\\" height=\\\"750\\\" src=\\\"https:\/\/websitedemos.net\/personal-portfolio-02\/wp-content\/uploads\/sites\/770\/2021\/02\/photo-about-me.jpg\\\" alt=\\\"\\\" srcset=\\\"https:\/\/websitedemos.net\/personal-portfolio-02\/wp-content\/uploads\/sites\/770\/2021\/02\/photo-about-me.jpg 500w, https:\/\/websitedemos.net\/personal-portfolio-02\/wp-content\/uploads\/sites\/770\/2021\/02\/photo-about-me-200x300.jpg 200w, https:\/\/websitedemos.net\/personal-portfolio-02\/wp-content\/uploads\/sites\/770\/2021\/02\/photo-about-me-400x600.jpg 400w\\\" sizes=\\\"(max-width: 500px) 100vw, 500px\\\" \/>\t\t\t\t\t\t\t\t\t\t\t\t\t\t\t<\/p>\n<h5>Designing With Passion While Exploring The World<\/h5>\n<p>Lorem ipsum dolor sit amet, consectetur adipiscing elit. Ut elit tellus, luctus nec ullamcorper mattis, pulvinar dapibus leo. Lorem ipsum dolor sit amet, consectetur adipiscing elit. Ut elit tellus, luctus nec ullamcorper mattis, pulvinar dapibus leo.<\/p>\n<p>Lorem ipsum dolor sit amet, consectetur adipiscing elit. Ut elit tellus, luctus nec ullamcorper mattis, pulvinar dapibus leo.<\/p>\n<p>\t\t\t\t\tLet\\&#8217;s talk with me.\t\t\t\t<\/p>\n<h6><a href=\\\"#\\\">contact@domain.com<\/a><\/h6>\n<h5>I Create Products Not Just Arts<\/h5>\n<p>Lorem ipsum dolor sit amet, consectetur adipiscing elit. Ut elit tellus, luctus nec ullamcorper mattis, pulvinar dapibus leo.<\/p>\n<p>Lorem ipsum dolor sit amet, consectetur adipiscing elit. Ut elit tellus, luctus nec ullamcorper mattis, pulvinar dapibus leo.<\/p>\n<ul>\n<li>\n\t\t\t\t\t\t\t\t\t\t\t<a href=\\\"#\\\"><br \/>\n\t\t\t\t\t\t\t\t\t\t\t<\/a>\n\t\t\t\t\t\t\t\t\t<\/li>\n<li>\n\t\t\t\t\t\t\t\t\t\t\t<a href=\\\"#\\\"><br \/>\n\t\t\t\t\t\t\t\t\t\t\t<\/a>\n\t\t\t\t\t\t\t\t\t<\/li>\n<li>\n\t\t\t\t\t\t\t\t\t\t\t<a href=\\\"#\\\"><br \/>\n\t\t\t\t\t\t\t\t\t\t\t<\/a>\n\t\t\t\t\t\t\t\t\t<\/li>\n<li>\n\t\t\t\t\t\t\t\t\t\t\t<a href=\\\"#\\\"><br \/>\n\t\t\t\t\t\t\t\t\t\t\t<\/a>\n\t\t\t\t\t\t\t\t\t<\/li>\n<\/ul>\n<h5>Frontend and Backend Developer<\/h5>\n<p>Lorem ipsum dolor sit amet, consectetur adipiscing elit. Ut elit tellus, luctus nec<br \/>ullamcorper mattis, pulvinar dapibus leo. Lorem ipsum dolor sit amet, consectetur<br \/>adipisci elit. Ut elit tellus, luctus nec ullamcorper mattis, pulvinar dapibus leo.<\/p>\n<p>\t\t\t\t\t<a href=\\\"#\\\"><br \/>\n\t\t\t\t\t\t\t\t\tDownload CV<br \/>\n\t\t\t\t\t<\/a><br \/>\n\t\t\t\tJavaScript<br \/>\n\t\t\t\tHTML<br \/>\n\t\t\t\tCSS<br \/>\n\t\t\t\tPhotoshop<\/p>\n<h3>What My Clients Says<\/h3>\n<p>\t\tLorem ipsum dolor sit amet, consectetur adipiscing elit.<br \/>\n\t\t\t\t\t\t\t\t\t\t\t\t\t\t\t<img width=\\\"336\\\" height=\\\"336\\\" src=\\\"https:\/\/websitedemos.net\/personal-portfolio-02\/wp-content\/uploads\/sites\/770\/2021\/02\/male-3.jpg\\\" alt=\\\"\\\" srcset=\\\"https:\/\/websitedemos.net\/personal-portfolio-02\/wp-content\/uploads\/sites\/770\/2021\/02\/male-3.jpg 336w, https:\/\/websitedemos.net\/personal-portfolio-02\/wp-content\/uploads\/sites\/770\/2021\/02\/male-3-300x300.jpg 300w, https:\/\/websitedemos.net\/personal-portfolio-02\/wp-content\/uploads\/sites\/770\/2021\/02\/male-3-150x150.jpg 150w\\\" sizes=\\\"(max-width: 336px) 100vw, 336px\\\" \/>\t\t\t\t\t\t\t\t\t\t\t\t\t\t\t<\/p>\n<p>Lorem ipsum dolor sit amet, consectetur adipiscing elit. Ut elit tellus, luctus nec ullamcorper mattis, pulvinar dapibus leo.<\/p>\n<p>\t\t\t\t\tJohn Doe<br \/>\n\t\t\t\t\t\t\t\t\t\t\t\t\t\t\t<img width=\\\"150\\\" height=\\\"150\\\" src=\\\"https:\/\/websitedemos.net\/personal-portfolio-02\/wp-content\/uploads\/sites\/770\/2021\/02\/female-3-150x150.jpg\\\" alt=\\\"\\\" srcset=\\\"https:\/\/websitedemos.net\/personal-portfolio-02\/wp-content\/uploads\/sites\/770\/2021\/02\/female-3-150x150.jpg 150w, https:\/\/websitedemos.net\/personal-portfolio-02\/wp-content\/uploads\/sites\/770\/2021\/02\/female-3-300x300.jpg 300w, https:\/\/websitedemos.net\/personal-portfolio-02\/wp-content\/uploads\/sites\/770\/2021\/02\/female-3.jpg 336w\\\" sizes=\\\"(max-width: 150px) 100vw, 150px\\\" \/>\t\t\t\t\t\t\t\t\t\t\t\t\t\t\t<\/p>\n<p>Lorem ipsum dolor sit amet, consectetur adipiscing elit. Ut elit tellus, luctus nec ullamcorper mattis, pulvinar dapibus leo.<\/p>\n<p>\t\t\t\t\tJenna Smith<br \/>\n\t\t\t\t\t\t\t\t\t\t\t\t\t\t\t<img width=\\\"336\\\" height=\\\"336\\\" src=\\\"https:\/\/websitedemos.net\/personal-portfolio-02\/wp-content\/uploads\/sites\/770\/2021\/02\/male-1.jpg\\\" alt=\\\"\\\" srcset=\\\"https:\/\/websitedemos.net\/personal-portfolio-02\/wp-content\/uploads\/sites\/770\/2021\/02\/male-1.jpg 336w, https:\/\/websitedemos.net\/personal-portfolio-02\/wp-content\/uploads\/sites\/770\/2021\/02\/male-1-300x300.jpg 300w, https:\/\/websitedemos.net\/personal-portfolio-02\/wp-content\/uploads\/sites\/770\/2021\/02\/male-1-150x150.jpg 150w\\\" sizes=\\\"(max-width: 336px) 100vw, 336px\\\" \/>\t\t\t\t\t\t\t\t\t\t\t\t\t\t\t<\/p>\n<p>Lorem ipsum dolor sit amet, consectetur adipiscing elit. Ut elit tellus, luctus nec ullamcorper mattis, pulvinar dapibus leo.<\/p>\n<p>\t\t\t\t\tSamuel Stevens<br \/>\n\t\t\t\t\t\t\t\t\t\t\t\t\t\t\t<img width=\\\"336\\\" height=\\\"336\\\" src=\\\"https:\/\/websitedemos.net\/personal-portfolio-02\/wp-content\/uploads\/sites\/770\/2021\/02\/female-4.jpg\\\" alt=\\\"\\\" srcset=\\\"https:\/\/websitedemos.net\/personal-portfolio-02\/wp-content\/uploads\/sites\/770\/2021\/02\/female-4.jpg 336w, https:\/\/websitedemos.net\/personal-portfolio-02\/wp-content\/uploads\/sites\/770\/2021\/02\/female-4-300x300.jpg 300w, https:\/\/websitedemos.net\/personal-portfolio-02\/wp-content\/uploads\/sites\/770\/2021\/02\/female-4-150x150.jpg 150w\\\" sizes=\\\"(max-width: 336px) 100vw, 336px\\\" \/><br \/>\n\t\tLorem ipsum dolor sit amet, consectetur adipiscing elit.<br \/> Ut elit tellus, luctus nec ullamcorper mattis, pulvinar dapibus leo.<br \/>\n\t\t\t\t\tJessica Loren<br \/>\n\t\t\t\t\t\t\t\t\t\t\t\t\t\t\t<img width=\\\"108\\\" height=\\\"108\\\" src=\\\"https:\/\/websitedemos.net\/personal-portfolio-02\/wp-content\/uploads\/sites\/770\/2025\/06\/Pic.png\\\" alt=\\\"\\\" \/><br \/>\n\t\tLorem ipsum dolor sit amet, consectetur adipiscing elit.<br \/> Ut elit tellus, luctus nec ullamcorper mattis, pulvinar dapibus leo.<br \/>\n\t\t\t\t\tMykel Johnson\t\t\t\t<\/p>\n<h3>Stay In Touch<\/h3>\n<p>Lorem ipsum dolor sit amet, consectetur adipiscing elit. Ut elit tellus, luctus nec\u00a0ullamcorper mattis, pulvinar dapibus leo.<\/p>\nThis form has been deleted or is unavailable.\n","protected":false},"excerpt":{"rendered":"<p>About Me Designing With Passion While Exploring The World Lorem ipsum dolor sit amet, consectetur adipiscing elit. Ut elit tellus, luctus nec ullamcorper mattis, pulvinar dapibus leo. Lorem ipsum dolor sit amet, consectetur adipiscing elit. Ut elit tellus, luctus nec ullamcorper mattis, pulvinar dapibus leo. Lorem ipsum dolor sit amet, consectetur adipiscing elit. Ut elit [&hellip;]<\/p>\n","protected":false},"author":1,"featured_media":0,"parent":0,"menu_order":0,"comment_status":"closed","ping_status":"closed","template":"","meta":{"site-sidebar-layout":"no-sidebar","site-content-layout":"page-builder","ast-site-content-layout":"full-width-container","site-content-style":"unboxed","site-sidebar-style":"unboxed","ast-global-header-display":"","ast-banner-title-visibility":"","ast-main-header-display":"","ast-hfb-above-header-display":"","ast-hfb-below-header-display":"","ast-hfb-mobile-header-display":"","site-post-title":"disabled","ast-breadcrumbs-content":"disabled","ast-featured-img":"disabled","footer-sml-layout":"","ast-disable-related-posts":"","theme-transparent-header-meta":"enabled","adv-header-id-meta":"","stick-header-meta":"","header-above-stick-meta":"","header-main-stick-meta":"","header-below-stick-meta":"","astra-migrate-meta-layouts":"set","ast-page-background-enabled":"default","ast-page-background-meta":{"desktop":{"background-color":"","background-image":"","background-repeat":"repeat","background-position":"center center","background-size":"auto","background-attachment":"scroll","background-type":"","background-media":"","overlay-type":"","overlay-color":"","overlay-opacity":"","overlay-gradient":""},"tablet":{"background-color":"","background-image":"","background-repeat":"repeat","background-position":"center center","background-size":"auto","background-attachment":"scroll","background-type":"","background-media":"","overlay-type":"","overlay-color":"","overlay-opacity":"","overlay-gradient":""},"mobile":{"background-color":"","background-image":"","background-repeat":"repeat","background-position":"center center","background-size":"auto","background-attachment":"scroll","background-type":"","background-media":"","overlay-type":"","overlay-color":"","overlay-opacity":"","overlay-gradient":""}},"ast-content-background-meta":{"desktop":{"background-color":"var(--ast-global-color-5)","background-image":"","background-repeat":"repeat","background-position":"center center","background-size":"auto","background-attachment":"scroll","background-type":"","background-media":"","overlay-type":"","overlay-color":"","overlay-opacity":"","overlay-gradient":""},"tablet":{"background-color":"var(--ast-global-color-5)","background-image":"","background-repeat":"repeat","background-position":"center center","background-size":"auto","background-attachment":"scroll","background-type":"","background-media":"","overlay-type":"","overlay-color":"","overlay-opacity":"","overlay-gradient":""},"mobile":{"background-color":"var(--ast-global-color-5)","background-image":"","background-repeat":"repeat","background-position":"center center","background-size":"auto","background-attachment":"scroll","background-type":"","background-media":"","overlay-type":"","overlay-color":"","overlay-opacity":"","overlay-gradient":""}},"footnotes":""},"class_list":["post-3638","page","type-page","status-publish","hentry"],"yoast_head":"<!-- This site is optimized with the Yoast SEO plugin v27.0 - https:\/\/yoast.com\/product\/yoast-seo-wordpress\/ -->\n<title>About - Moratech<\/title>\n<meta name=\"robots\" content=\"index, follow, max-snippet:-1, max-image-preview:large, max-video-preview:-1\" \/>\n<link rel=\"canonical\" href=\"https:\/\/www.moratech.cz\/?page_id=3638\" \/>\n<meta property=\"og:locale\" content=\"cs_CZ\" \/>\n<meta property=\"og:type\" content=\"article\" \/>\n<meta property=\"og:title\" content=\"About - Moratech\" \/>\n<meta property=\"og:description\" content=\"About Me Designing With Passion While Exploring The World Lorem ipsum dolor sit amet, consectetur adipiscing elit. Ut elit tellus, luctus nec ullamcorper mattis, pulvinar dapibus leo. Lorem ipsum dolor sit amet, consectetur adipiscing elit. Ut elit tellus, luctus nec ullamcorper mattis, pulvinar dapibus leo. Lorem ipsum dolor sit amet, consectetur adipiscing elit. Ut elit [&hellip;]\" \/>\n<meta property=\"og:url\" content=\"https:\/\/www.moratech.cz\/?page_id=3638\" \/>\n<meta property=\"og:site_name\" content=\"Moratech\" \/>\n<meta property=\"article:modified_time\" content=\"2026-03-31T15:09:47+00:00\" \/>\n<meta name=\"twitter:card\" content=\"summary_large_image\" \/>\n<meta name=\"twitter:label1\" content=\"Odhadovan\u00e1 doba \u010dten\u00ed\" \/>\n\t<meta name=\"twitter:data1\" content=\"3 minuty\" \/>\n<script type=\"application\/ld+json\" class=\"yoast-schema-graph\">{\"@context\":\"https:\/\/schema.org\",\"@graph\":[{\"@type\":\"WebPage\",\"@id\":\"https:\/\/www.moratech.cz\/?page_id=3638\",\"url\":\"https:\/\/www.moratech.cz\/?page_id=3638\",\"name\":\"About - Moratech\",\"isPartOf\":{\"@id\":\"https:\/\/www.moratech.cz\/#website\"},\"datePublished\":\"2026-02-18T15:06:46+00:00\",\"dateModified\":\"2026-03-31T15:09:47+00:00\",\"breadcrumb\":{\"@id\":\"https:\/\/www.moratech.cz\/?page_id=3638#breadcrumb\"},\"inLanguage\":\"cs\",\"potentialAction\":[{\"@type\":\"ReadAction\",\"target\":[\"https:\/\/www.moratech.cz\/?page_id=3638\"]}]},{\"@type\":\"BreadcrumbList\",\"@id\":\"https:\/\/www.moratech.cz\/?page_id=3638#breadcrumb\",\"itemListElement\":[{\"@type\":\"ListItem\",\"position\":1,\"name\":\"Dom\u016f\",\"item\":\"https:\/\/www.moratech.cz\/\"},{\"@type\":\"ListItem\",\"position\":2,\"name\":\"About\"}]},{\"@type\":\"WebSite\",\"@id\":\"https:\/\/www.moratech.cz\/#website\",\"url\":\"https:\/\/www.moratech.cz\/\",\"name\":\"Moratech\",\"description\":\"5afddfasddg\",\"publisher\":{\"@id\":\"https:\/\/www.moratech.cz\/#organization\"},\"potentialAction\":[{\"@type\":\"SearchAction\",\"target\":{\"@type\":\"EntryPoint\",\"urlTemplate\":\"https:\/\/www.moratech.cz\/?s={search_term_string}\"},\"query-input\":{\"@type\":\"PropertyValueSpecification\",\"valueRequired\":true,\"valueName\":\"search_term_string\"}}],\"inLanguage\":\"cs\"},{\"@type\":\"Organization\",\"@id\":\"https:\/\/www.moratech.cz\/#organization\",\"name\":\"Moratech\",\"url\":\"https:\/\/www.moratech.cz\/\",\"logo\":{\"@type\":\"ImageObject\",\"inLanguage\":\"cs\",\"@id\":\"https:\/\/www.moratech.cz\/#\/schema\/logo\/image\/\",\"url\":\"https:\/\/www.moratech.cz\/wp-content\/uploads\/2026\/03\/Obrazek1.png\",\"contentUrl\":\"https:\/\/www.moratech.cz\/wp-content\/uploads\/2026\/03\/Obrazek1.png\",\"width\":430,\"height\":110,\"caption\":\"Moratech\"},\"image\":{\"@id\":\"https:\/\/www.moratech.cz\/#\/schema\/logo\/image\/\"}}]}<\/script>\n<!-- \/ Yoast SEO plugin. -->","yoast_head_json":{"title":"About - Moratech","robots":{"index":"index","follow":"follow","max-snippet":"max-snippet:-1","max-image-preview":"max-image-preview:large","max-video-preview":"max-video-preview:-1"},"canonical":"https:\/\/www.moratech.cz\/?page_id=3638","og_locale":"cs_CZ","og_type":"article","og_title":"About - Moratech","og_description":"About Me Designing With Passion While Exploring The World Lorem ipsum dolor sit amet, consectetur adipiscing elit. Ut elit tellus, luctus nec ullamcorper mattis, pulvinar dapibus leo. Lorem ipsum dolor sit amet, consectetur adipiscing elit. Ut elit tellus, luctus nec ullamcorper mattis, pulvinar dapibus leo. Lorem ipsum dolor sit amet, consectetur adipiscing elit. Ut elit [&hellip;]","og_url":"https:\/\/www.moratech.cz\/?page_id=3638","og_site_name":"Moratech","article_modified_time":"2026-03-31T15:09:47+00:00","twitter_card":"summary_large_image","twitter_misc":{"Odhadovan\u00e1 doba \u010dten\u00ed":"3 minuty"},"schema":{"@context":"https:\/\/schema.org","@graph":[{"@type":"WebPage","@id":"https:\/\/www.moratech.cz\/?page_id=3638","url":"https:\/\/www.moratech.cz\/?page_id=3638","name":"About - Moratech","isPartOf":{"@id":"https:\/\/www.moratech.cz\/#website"},"datePublished":"2026-02-18T15:06:46+00:00","dateModified":"2026-03-31T15:09:47+00:00","breadcrumb":{"@id":"https:\/\/www.moratech.cz\/?page_id=3638#breadcrumb"},"inLanguage":"cs","potentialAction":[{"@type":"ReadAction","target":["https:\/\/www.moratech.cz\/?page_id=3638"]}]},{"@type":"BreadcrumbList","@id":"https:\/\/www.moratech.cz\/?page_id=3638#breadcrumb","itemListElement":[{"@type":"ListItem","position":1,"name":"Dom\u016f","item":"https:\/\/www.moratech.cz\/"},{"@type":"ListItem","position":2,"name":"About"}]},{"@type":"WebSite","@id":"https:\/\/www.moratech.cz\/#website","url":"https:\/\/www.moratech.cz\/","name":"Moratech","description":"5afddfasddg","publisher":{"@id":"https:\/\/www.moratech.cz\/#organization"},"potentialAction":[{"@type":"SearchAction","target":{"@type":"EntryPoint","urlTemplate":"https:\/\/www.moratech.cz\/?s={search_term_string}"},"query-input":{"@type":"PropertyValueSpecification","valueRequired":true,"valueName":"search_term_string"}}],"inLanguage":"cs"},{"@type":"Organization","@id":"https:\/\/www.moratech.cz\/#organization","name":"Moratech","url":"https:\/\/www.moratech.cz\/","logo":{"@type":"ImageObject","inLanguage":"cs","@id":"https:\/\/www.moratech.cz\/#\/schema\/logo\/image\/","url":"https:\/\/www.moratech.cz\/wp-content\/uploads\/2026\/03\/Obrazek1.png","contentUrl":"https:\/\/www.moratech.cz\/wp-content\/uploads\/2026\/03\/Obrazek1.png","width":430,"height":110,"caption":"Moratech"},"image":{"@id":"https:\/\/www.moratech.cz\/#\/schema\/logo\/image\/"}}]}},"_links":{"self":[{"href":"https:\/\/www.moratech.cz\/index.php?rest_route=\/wp\/v2\/pages\/3638","targetHints":{"allow":["GET"]}}],"collection":[{"href":"https:\/\/www.moratech.cz\/index.php?rest_route=\/wp\/v2\/pages"}],"about":[{"href":"https:\/\/www.moratech.cz\/index.php?rest_route=\/wp\/v2\/types\/page"}],"author":[{"embeddable":true,"href":"https:\/\/www.moratech.cz\/index.php?rest_route=\/wp\/v2\/users\/1"}],"replies":[{"embeddable":true,"href":"https:\/\/www.moratech.cz\/index.php?rest_route=%2Fwp%2Fv2%2Fcomments&post=3638"}],"version-history":[{"count":1,"href":"https:\/\/www.moratech.cz\/index.php?rest_route=\/wp\/v2\/pages\/3638\/revisions"}],"predecessor-version":[{"id":3685,"href":"https:\/\/www.moratech.cz\/index.php?rest_route=\/wp\/v2\/pages\/3638\/revisions\/3685"}],"wp:attachment":[{"href":"https:\/\/www.moratech.cz\/index.php?rest_route=%2Fwp%2Fv2%2Fmedia&parent=3638"}],"curies":[{"name":"wp","href":"https:\/\/api.w.org\/{rel}","templated":true}]}}