{"id":3640,"date":"2026-02-18T16:06:46","date_gmt":"2026-02-18T15:06:46","guid":{"rendered":"https:\/\/www.moratech.cz\/?page_id=3640"},"modified":"2026-02-18T16:06:46","modified_gmt":"2026-02-18T15:06:46","slug":"portfolio","status":"publish","type":"page","link":"https:\/\/www.moratech.cz\/?page_id=3640","title":{"rendered":"Portfolio"},"content":{"rendered":"\t\t<div data-elementor-type=\"wp-page\" data-elementor-id=\"3640\" class=\"elementor elementor-3640\">\n\t\t\t\t<div class=\"elementor-element elementor-element-24e3417 e-flex e-con-boxed e-con e-parent\" data-id=\"24e3417\" data-element_type=\"container\" data-e-type=\"container\" data-settings=\"{&quot;background_background&quot;:&quot;classic&quot;}\">\n\t\t\t\t\t<div class=\"e-con-inner\">\n\t\t<div class=\"elementor-element elementor-element-8cbc0ad e-con-full e-flex e-con e-child\" data-id=\"8cbc0ad\" data-element_type=\"container\" data-e-type=\"container\">\n\t\t\t\t<div class=\"elementor-element elementor-element-45151fd elementor-widget elementor-widget-heading\" data-id=\"45151fd\" data-element_type=\"widget\" data-e-type=\"widget\" data-widget_type=\"heading.default\">\n\t\t\t\t<div class=\"elementor-widget-container\">\n\t\t\t\t\t<h2 class=\"elementor-heading-title elementor-size-default\">Portfolio<\/h2>\t\t\t\t<\/div>\n\t\t\t\t<\/div>\n\t\t\t\t<div class=\"elementor-element elementor-element-1f43f7a elementor-widget-divider--view-line elementor-widget elementor-widget-divider\" data-id=\"1f43f7a\" data-element_type=\"widget\" data-e-type=\"widget\" data-widget_type=\"divider.default\">\n\t\t\t\t<div class=\"elementor-widget-container\">\n\t\t\t\t\t\t\t<div class=\"elementor-divider\">\n\t\t\t<span class=\"elementor-divider-separator\">\n\t\t\t\t\t\t<\/span>\n\t\t<\/div>\n\t\t\t\t\t\t<\/div>\n\t\t\t\t<\/div>\n\t\t\t\t<\/div>\n\t\t\t\t\t<\/div>\n\t\t\t\t<\/div>\n\t\t<div class=\"elementor-element elementor-element-9468122 e-flex e-con-boxed e-con e-parent\" data-id=\"9468122\" data-element_type=\"container\" data-e-type=\"container\" data-settings=\"{&quot;background_background&quot;:&quot;classic&quot;}\">\n\t\t\t\t\t<div class=\"e-con-inner\">\n\t\t<div class=\"elementor-element elementor-element-7273d2c e-con-full e-flex e-con e-child\" data-id=\"7273d2c\" data-element_type=\"container\" data-e-type=\"container\">\n\t\t\t\t<div class=\"elementor-element elementor-element-294aaee elementor-widget elementor-widget-hfe-infocard\" data-id=\"294aaee\" data-element_type=\"widget\" data-e-type=\"widget\" data-widget_type=\"hfe-infocard.default\">\n\t\t\t\t<div class=\"elementor-widget-container\">\n\t\t\t\t\t\n\t\t<div class=\"hfe-infocard\">\n\t\t\t\t\t\t\t\t\t<div class=\"hfe-infocard-title-wrap\">\n\t\t\t\t<h5 class=\"hfe-infocard-title elementor-inline-editing\" data-elementor-setting-key=\"infocard_title\" data-elementor-inline-editing-toolbar=\"basic\" >What Service You Will Get From Me<\/h5>\t\t\t<\/div>\n\t\t\t\t\t\t<div class=\"hfe-infocard-text-wrap\">\n\t\t\t\t<div class=\"hfe-infocard-text elementor-inline-editing\" data-elementor-setting-key=\"infocard_description\" data-elementor-inline-editing-toolbar=\"advanced\">\n\t\t\t\t\tLorem ipsum dolor sit amet, consectetur adipiscing elit.\t\t\t\t<\/div>\n\t\t\t\t\t\t\t<\/div>\n\t\t<\/div>\n\n\t\t\t\t\t\t<\/div>\n\t\t\t\t<\/div>\n\t\t\t\t<div class=\"elementor-element elementor-element-a58b604 elementor-widget-divider--view-line elementor-widget elementor-widget-divider\" data-id=\"a58b604\" data-element_type=\"widget\" data-e-type=\"widget\" data-widget_type=\"divider.default\">\n\t\t\t\t<div class=\"elementor-widget-container\">\n\t\t\t\t\t\t\t<div class=\"elementor-divider\">\n\t\t\t<span class=\"elementor-divider-separator\">\n\t\t\t\t\t\t<\/span>\n\t\t<\/div>\n\t\t\t\t\t\t<\/div>\n\t\t\t\t<\/div>\n\t\t<div class=\"elementor-element elementor-element-3b91eaf e-flex e-con-boxed e-con e-child\" data-id=\"3b91eaf\" data-element_type=\"container\" data-e-type=\"container\">\n\t\t\t\t\t<div class=\"e-con-inner\">\n\t\t<div class=\"elementor-element elementor-element-ef3a78e e-con-full e-flex e-con e-child\" data-id=\"ef3a78e\" data-element_type=\"container\" data-e-type=\"container\">\n\t\t\t\t<div class=\"elementor-element elementor-element-19119f9 elementor-widget elementor-widget-image\" data-id=\"19119f9\" data-element_type=\"widget\" data-e-type=\"widget\" data-widget_type=\"image.default\">\n\t\t\t\t<div class=\"elementor-widget-container\">\n\t\t\t\t\t\t\t\t\t\t\t\t\t\t\t<img fetchpriority=\"high\" decoding=\"async\" width=\"1024\" height=\"587\" src=\"https:\/\/www.moratech.cz\/wp-content\/uploads\/2021\/02\/portfolio-2-3.png\" class=\"elementor-animation-float attachment-large size-large wp-image-999\" alt=\"portfolio 2\" title=\"Portfolio\">\t\t\t\t\t\t\t\t\t\t\t\t\t\t\t<\/div>\n\t\t\t\t<\/div>\n\t\t\t\t<\/div>\n\t\t<div class=\"elementor-element elementor-element-363eaf8 e-con-full e-flex e-con e-child\" data-id=\"363eaf8\" data-element_type=\"container\" data-e-type=\"container\">\n\t\t\t\t<div class=\"elementor-element elementor-element-3d70462 elementor-widget elementor-widget-image\" data-id=\"3d70462\" data-element_type=\"widget\" data-e-type=\"widget\" data-widget_type=\"image.default\">\n\t\t\t\t<div class=\"elementor-widget-container\">\n\t\t\t\t\t\t\t\t\t\t\t\t\t\t\t<img decoding=\"async\" width=\"1024\" height=\"587\" src=\"https:\/\/www.moratech.cz\/wp-content\/uploads\/2021\/02\/portfolio-4-3.png\" class=\"elementor-animation-float attachment-large size-large wp-image-1001\" alt=\"portfolio 4\" title=\"Portfolio\">\t\t\t\t\t\t\t\t\t\t\t\t\t\t\t<\/div>\n\t\t\t\t<\/div>\n\t\t\t\t<div class=\"elementor-element elementor-element-df38f5a elementor-widget elementor-widget-image\" data-id=\"df38f5a\" data-element_type=\"widget\" data-e-type=\"widget\" data-widget_type=\"image.default\">\n\t\t\t\t<div class=\"elementor-widget-container\">\n\t\t\t\t\t\t\t\t\t\t\t\t\t\t\t<img decoding=\"async\" width=\"1024\" height=\"587\" src=\"https:\/\/www.moratech.cz\/wp-content\/uploads\/2021\/02\/portfolio-3-3.png\" class=\"elementor-animation-float attachment-large size-large wp-image-1000\" alt=\"portfolio 3\" title=\"Portfolio\">\t\t\t\t\t\t\t\t\t\t\t\t\t\t\t<\/div>\n\t\t\t\t<\/div>\n\t\t\t\t<\/div>\n\t\t\t\t\t<\/div>\n\t\t\t\t<\/div>\n\t\t<div class=\"elementor-element elementor-element-085fc3d e-flex e-con-boxed e-con e-child\" data-id=\"085fc3d\" data-element_type=\"container\" data-e-type=\"container\">\n\t\t\t\t\t<div class=\"e-con-inner\">\n\t\t<div class=\"elementor-element elementor-element-d43c4e0 e-con-full e-flex e-con e-child\" data-id=\"d43c4e0\" data-element_type=\"container\" data-e-type=\"container\">\n\t\t\t\t<div class=\"elementor-element elementor-element-5bef0d0 elementor-widget elementor-widget-image\" data-id=\"5bef0d0\" data-element_type=\"widget\" data-e-type=\"widget\" data-widget_type=\"image.default\">\n\t\t\t\t<div class=\"elementor-widget-container\">\n\t\t\t\t\t\t\t\t\t\t\t\t\t\t\t<img loading=\"lazy\" decoding=\"async\" width=\"1024\" height=\"587\" src=\"https:\/\/www.moratech.cz\/wp-content\/uploads\/2021\/02\/portoflio-1-3.png\" class=\"elementor-animation-float attachment-large size-large wp-image-1002\" alt=\"portoflio 1\" title=\"Portfolio\">\t\t\t\t\t\t\t\t\t\t\t\t\t\t\t<\/div>\n\t\t\t\t<\/div>\n\t\t\t\t<\/div>\n\t\t<div class=\"elementor-element elementor-element-77d8e5f e-con-full e-flex e-con e-child\" data-id=\"77d8e5f\" data-element_type=\"container\" data-e-type=\"container\">\n\t\t\t\t<div class=\"elementor-element elementor-element-c08113d elementor-widget elementor-widget-image\" data-id=\"c08113d\" data-element_type=\"widget\" data-e-type=\"widget\" data-widget_type=\"image.default\">\n\t\t\t\t<div class=\"elementor-widget-container\">\n\t\t\t\t\t\t\t\t\t\t\t\t\t\t\t<img loading=\"lazy\" decoding=\"async\" width=\"1024\" height=\"587\" src=\"https:\/\/www.moratech.cz\/wp-content\/uploads\/2021\/02\/portfolio-115-3.jpg\" class=\"elementor-animation-float attachment-large size-large wp-image-1139\" alt=\"portfolio 115\" title=\"Portfolio\">\t\t\t\t\t\t\t\t\t\t\t\t\t\t\t<\/div>\n\t\t\t\t<\/div>\n\t\t\t\t<\/div>\n\t\t<div class=\"elementor-element elementor-element-f2cc6e8 e-con-full e-flex e-con e-child\" data-id=\"f2cc6e8\" data-element_type=\"container\" data-e-type=\"container\">\n\t\t\t\t<div class=\"elementor-element elementor-element-f956d59 elementor-widget elementor-widget-image\" data-id=\"f956d59\" data-element_type=\"widget\" data-e-type=\"widget\" data-widget_type=\"image.default\">\n\t\t\t\t<div class=\"elementor-widget-container\">\n\t\t\t\t\t\t\t\t\t\t\t\t\t\t\t<img loading=\"lazy\" decoding=\"async\" width=\"1415\" height=\"811\" src=\"https:\/\/www.moratech.cz\/wp-content\/uploads\/2021\/02\/portfolio-15-3.jpg\" class=\"elementor-animation-float attachment-full size-full wp-image-1164\" alt=\"portfolio 15\" title=\"Portfolio\">\t\t\t\t\t\t\t\t\t\t\t\t\t\t\t<\/div>\n\t\t\t\t<\/div>\n\t\t\t\t<\/div>\n\t\t\t\t\t<\/div>\n\t\t\t\t<\/div>\n\t\t<div class=\"elementor-element elementor-element-975dad3 e-flex e-con-boxed e-con e-child\" data-id=\"975dad3\" data-element_type=\"container\" data-e-type=\"container\">\n\t\t\t\t\t<div class=\"e-con-inner\">\n\t\t<div class=\"elementor-element elementor-element-87be7bd e-con-full e-flex e-con e-child\" data-id=\"87be7bd\" data-element_type=\"container\" data-e-type=\"container\">\n\t\t\t\t<div class=\"elementor-element elementor-element-69ab58f elementor-widget elementor-widget-image\" data-id=\"69ab58f\" data-element_type=\"widget\" data-e-type=\"widget\" data-widget_type=\"image.default\">\n\t\t\t\t<div class=\"elementor-widget-container\">\n\t\t\t\t\t\t\t\t\t\t\t\t\t\t\t<img loading=\"lazy\" decoding=\"async\" width=\"1024\" height=\"535\" src=\"https:\/\/www.moratech.cz\/wp-content\/uploads\/2021\/02\/portoflio-151-3.jpg\" class=\"elementor-animation-float attachment-large size-large wp-image-1197\" alt=\"portoflio 151\" title=\"Portfolio\">\t\t\t\t\t\t\t\t\t\t\t\t\t\t\t<\/div>\n\t\t\t\t<\/div>\n\t\t\t\t<div class=\"elementor-element elementor-element-54bfc17 elementor-widget elementor-widget-image\" data-id=\"54bfc17\" data-element_type=\"widget\" data-e-type=\"widget\" data-widget_type=\"image.default\">\n\t\t\t\t<div class=\"elementor-widget-container\">\n\t\t\t\t\t\t\t\t\t\t\t\t\t\t\t<img loading=\"lazy\" decoding=\"async\" width=\"1024\" height=\"587\" src=\"https:\/\/www.moratech.cz\/wp-content\/uploads\/2021\/02\/portfolio-10-3.jpg\" class=\"elementor-animation-float attachment-large size-large wp-image-1112\" alt=\"portfolio 10\" title=\"Portfolio\">\t\t\t\t\t\t\t\t\t\t\t\t\t\t\t<\/div>\n\t\t\t\t<\/div>\n\t\t\t\t<\/div>\n\t\t<div class=\"elementor-element elementor-element-35132a1 e-con-full e-flex e-con e-child\" data-id=\"35132a1\" data-element_type=\"container\" data-e-type=\"container\">\n\t\t\t\t<div class=\"elementor-element elementor-element-f79de92 elementor-widget elementor-widget-image\" data-id=\"f79de92\" data-element_type=\"widget\" data-e-type=\"widget\" data-widget_type=\"image.default\">\n\t\t\t\t<div class=\"elementor-widget-container\">\n\t\t\t\t\t\t\t\t\t\t\t\t\t\t\t<img loading=\"lazy\" decoding=\"async\" width=\"1024\" height=\"587\" src=\"https:\/\/www.moratech.cz\/wp-content\/uploads\/2021\/02\/portfolio-11-3.jpg\" class=\"elementor-animation-float attachment-large size-large wp-image-1113\" alt=\"portfolio 11\" title=\"Portfolio\">\t\t\t\t\t\t\t\t\t\t\t\t\t\t\t<\/div>\n\t\t\t\t<\/div>\n\t\t\t\t<\/div>\n\t\t\t\t\t<\/div>\n\t\t\t\t<\/div>\n\t\t\t\t<\/div>\n\t\t\t\t\t<\/div>\n\t\t\t\t<\/div>\n\t\t\t\t<\/div>\n\t\t","protected":false},"excerpt":{"rendered":"<p>Portfolio What Service You Will Get From Me Lorem ipsum dolor sit amet, consectetur adipiscing elit.<\/p>\n","protected":false},"author":1,"featured_media":0,"parent":0,"menu_order":0,"comment_status":"closed","ping_status":"closed","template":"","meta":{"site-sidebar-layout":"no-sidebar","site-content-layout":"page-builder","ast-site-content-layout":"default","site-content-style":"default","site-sidebar-style":"default","ast-global-header-display":"","ast-banner-title-visibility":"","ast-main-header-display":"","ast-hfb-above-header-display":"","ast-hfb-below-header-display":"","ast-hfb-mobile-header-display":"","site-post-title":"disabled","ast-breadcrumbs-content":"disabled","ast-featured-img":"disabled","footer-sml-layout":"","ast-disable-related-posts":"","theme-transparent-header-meta":"enabled","adv-header-id-meta":"","stick-header-meta":"","header-above-stick-meta":"","header-main-stick-meta":"","header-below-stick-meta":"","astra-migrate-meta-layouts":"default","ast-page-background-enabled":"default","ast-page-background-meta":{"desktop":{"background-color":"","background-image":"","background-repeat":"repeat","background-position":"center center","background-size":"auto","background-attachment":"scroll","background-type":"","background-media":"","overlay-type":"","overlay-color":"","overlay-opacity":"","overlay-gradient":""},"tablet":{"background-color":"","background-image":"","background-repeat":"repeat","background-position":"center center","background-size":"auto","background-attachment":"scroll","background-type":"","background-media":"","overlay-type":"","overlay-color":"","overlay-opacity":"","overlay-gradient":""},"mobile":{"background-color":"","background-image":"","background-repeat":"repeat","background-position":"center center","background-size":"auto","background-attachment":"scroll","background-type":"","background-media":"","overlay-type":"","overlay-color":"","overlay-opacity":"","overlay-gradient":""}},"ast-content-background-meta":{"desktop":{"background-color":"var(--ast-global-color-5)","background-image":"","background-repeat":"repeat","background-position":"center center","background-size":"auto","background-attachment":"scroll","background-type":"","background-media":"","overlay-type":"","overlay-color":"","overlay-opacity":"","overlay-gradient":""},"tablet":{"background-color":"var(--ast-global-color-5)","background-image":"","background-repeat":"repeat","background-position":"center center","background-size":"auto","background-attachment":"scroll","background-type":"","background-media":"","overlay-type":"","overlay-color":"","overlay-opacity":"","overlay-gradient":""},"mobile":{"background-color":"var(--ast-global-color-5)","background-image":"","background-repeat":"repeat","background-position":"center center","background-size":"auto","background-attachment":"scroll","background-type":"","background-media":"","overlay-type":"","overlay-color":"","overlay-opacity":"","overlay-gradient":""}},"footnotes":""},"class_list":["post-3640","page","type-page","status-publish","hentry"],"yoast_head":"<!-- This site is optimized with the Yoast SEO plugin v27.0 - https:\/\/yoast.com\/product\/yoast-seo-wordpress\/ -->\n<title>Portfolio - Moratech<\/title>\n<meta name=\"robots\" content=\"index, follow, max-snippet:-1, max-image-preview:large, max-video-preview:-1\" \/>\n<link rel=\"canonical\" href=\"https:\/\/www.moratech.cz\/?page_id=3640\" \/>\n<meta property=\"og:locale\" content=\"cs_CZ\" \/>\n<meta property=\"og:type\" content=\"article\" \/>\n<meta property=\"og:title\" content=\"Portfolio - Moratech\" \/>\n<meta property=\"og:description\" content=\"Portfolio What Service You Will Get From Me Lorem ipsum dolor sit amet, consectetur adipiscing elit.\" \/>\n<meta property=\"og:url\" content=\"https:\/\/www.moratech.cz\/?page_id=3640\" \/>\n<meta property=\"og:site_name\" content=\"Moratech\" \/>\n<meta name=\"twitter:card\" content=\"summary_large_image\" \/>\n<meta name=\"twitter:label1\" content=\"Odhadovan\u00e1 doba \u010dten\u00ed\" \/>\n\t<meta name=\"twitter:data1\" content=\"2 minuty\" \/>\n<script type=\"application\/ld+json\" class=\"yoast-schema-graph\">{\"@context\":\"https:\/\/schema.org\",\"@graph\":[{\"@type\":\"WebPage\",\"@id\":\"https:\/\/www.moratech.cz\/?page_id=3640\",\"url\":\"https:\/\/www.moratech.cz\/?page_id=3640\",\"name\":\"Portfolio - Moratech\",\"isPartOf\":{\"@id\":\"https:\/\/www.moratech.cz\/#website\"},\"datePublished\":\"2026-02-18T15:06:46+00:00\",\"breadcrumb\":{\"@id\":\"https:\/\/www.moratech.cz\/?page_id=3640#breadcrumb\"},\"inLanguage\":\"cs\",\"potentialAction\":[{\"@type\":\"ReadAction\",\"target\":[\"https:\/\/www.moratech.cz\/?page_id=3640\"]}]},{\"@type\":\"BreadcrumbList\",\"@id\":\"https:\/\/www.moratech.cz\/?page_id=3640#breadcrumb\",\"itemListElement\":[{\"@type\":\"ListItem\",\"position\":1,\"name\":\"Dom\u016f\",\"item\":\"https:\/\/www.moratech.cz\/\"},{\"@type\":\"ListItem\",\"position\":2,\"name\":\"Portfolio\"}]},{\"@type\":\"WebSite\",\"@id\":\"https:\/\/www.moratech.cz\/#website\",\"url\":\"https:\/\/www.moratech.cz\/\",\"name\":\"Moratech\",\"description\":\"5afddfasddg\",\"publisher\":{\"@id\":\"https:\/\/www.moratech.cz\/#organization\"},\"potentialAction\":[{\"@type\":\"SearchAction\",\"target\":{\"@type\":\"EntryPoint\",\"urlTemplate\":\"https:\/\/www.moratech.cz\/?s={search_term_string}\"},\"query-input\":{\"@type\":\"PropertyValueSpecification\",\"valueRequired\":true,\"valueName\":\"search_term_string\"}}],\"inLanguage\":\"cs\"},{\"@type\":\"Organization\",\"@id\":\"https:\/\/www.moratech.cz\/#organization\",\"name\":\"Moratech\",\"url\":\"https:\/\/www.moratech.cz\/\",\"logo\":{\"@type\":\"ImageObject\",\"inLanguage\":\"cs\",\"@id\":\"https:\/\/www.moratech.cz\/#\/schema\/logo\/image\/\",\"url\":\"https:\/\/www.moratech.cz\/wp-content\/uploads\/2026\/03\/Obrazek1.png\",\"contentUrl\":\"https:\/\/www.moratech.cz\/wp-content\/uploads\/2026\/03\/Obrazek1.png\",\"width\":430,\"height\":110,\"caption\":\"Moratech\"},\"image\":{\"@id\":\"https:\/\/www.moratech.cz\/#\/schema\/logo\/image\/\"}}]}<\/script>\n<!-- \/ Yoast SEO plugin. -->","yoast_head_json":{"title":"Portfolio - Moratech","robots":{"index":"index","follow":"follow","max-snippet":"max-snippet:-1","max-image-preview":"max-image-preview:large","max-video-preview":"max-video-preview:-1"},"canonical":"https:\/\/www.moratech.cz\/?page_id=3640","og_locale":"cs_CZ","og_type":"article","og_title":"Portfolio - Moratech","og_description":"Portfolio What Service You Will Get From Me Lorem ipsum dolor sit amet, consectetur adipiscing elit.","og_url":"https:\/\/www.moratech.cz\/?page_id=3640","og_site_name":"Moratech","twitter_card":"summary_large_image","twitter_misc":{"Odhadovan\u00e1 doba \u010dten\u00ed":"2 minuty"},"schema":{"@context":"https:\/\/schema.org","@graph":[{"@type":"WebPage","@id":"https:\/\/www.moratech.cz\/?page_id=3640","url":"https:\/\/www.moratech.cz\/?page_id=3640","name":"Portfolio - Moratech","isPartOf":{"@id":"https:\/\/www.moratech.cz\/#website"},"datePublished":"2026-02-18T15:06:46+00:00","breadcrumb":{"@id":"https:\/\/www.moratech.cz\/?page_id=3640#breadcrumb"},"inLanguage":"cs","potentialAction":[{"@type":"ReadAction","target":["https:\/\/www.moratech.cz\/?page_id=3640"]}]},{"@type":"BreadcrumbList","@id":"https:\/\/www.moratech.cz\/?page_id=3640#breadcrumb","itemListElement":[{"@type":"ListItem","position":1,"name":"Dom\u016f","item":"https:\/\/www.moratech.cz\/"},{"@type":"ListItem","position":2,"name":"Portfolio"}]},{"@type":"WebSite","@id":"https:\/\/www.moratech.cz\/#website","url":"https:\/\/www.moratech.cz\/","name":"Moratech","description":"5afddfasddg","publisher":{"@id":"https:\/\/www.moratech.cz\/#organization"},"potentialAction":[{"@type":"SearchAction","target":{"@type":"EntryPoint","urlTemplate":"https:\/\/www.moratech.cz\/?s={search_term_string}"},"query-input":{"@type":"PropertyValueSpecification","valueRequired":true,"valueName":"search_term_string"}}],"inLanguage":"cs"},{"@type":"Organization","@id":"https:\/\/www.moratech.cz\/#organization","name":"Moratech","url":"https:\/\/www.moratech.cz\/","logo":{"@type":"ImageObject","inLanguage":"cs","@id":"https:\/\/www.moratech.cz\/#\/schema\/logo\/image\/","url":"https:\/\/www.moratech.cz\/wp-content\/uploads\/2026\/03\/Obrazek1.png","contentUrl":"https:\/\/www.moratech.cz\/wp-content\/uploads\/2026\/03\/Obrazek1.png","width":430,"height":110,"caption":"Moratech"},"image":{"@id":"https:\/\/www.moratech.cz\/#\/schema\/logo\/image\/"}}]}},"_links":{"self":[{"href":"https:\/\/www.moratech.cz\/index.php?rest_route=\/wp\/v2\/pages\/3640","targetHints":{"allow":["GET"]}}],"collection":[{"href":"https:\/\/www.moratech.cz\/index.php?rest_route=\/wp\/v2\/pages"}],"about":[{"href":"https:\/\/www.moratech.cz\/index.php?rest_route=\/wp\/v2\/types\/page"}],"author":[{"embeddable":true,"href":"https:\/\/www.moratech.cz\/index.php?rest_route=\/wp\/v2\/users\/1"}],"replies":[{"embeddable":true,"href":"https:\/\/www.moratech.cz\/index.php?rest_route=%2Fwp%2Fv2%2Fcomments&post=3640"}],"version-history":[{"count":0,"href":"https:\/\/www.moratech.cz\/index.php?rest_route=\/wp\/v2\/pages\/3640\/revisions"}],"wp:attachment":[{"href":"https:\/\/www.moratech.cz\/index.php?rest_route=%2Fwp%2Fv2%2Fmedia&parent=3640"}],"curies":[{"name":"wp","href":"https:\/\/api.w.org\/{rel}","templated":true}]}}